{"id":18,"date":"2021-02-01T12:12:34","date_gmt":"2021-02-01T11:12:34","guid":{"rendered":"https:\/\/autokary.gandalftravel.com\/?page_id=18"},"modified":"2021-02-02T09:31:56","modified_gmt":"2021-02-02T08:31:56","slug":"kontakt","status":"publish","type":"page","link":"https:\/\/autokary.gandalftravel.com\/index.php\/kontakt\/","title":{"rendered":"Kontakt"},"content":{"rendered":"\r\n<div class=\"wp-block-columns is-layout-flex wp-container-core-columns-is-layout-9d6595d7 wp-block-columns-is-layout-flex\">\r\n<div class=\"wp-block-column is-layout-flow wp-block-column-is-layout-flow\"><strong>Biuro handlowe:<\/strong><br \/><br \/><strong>Gandalf Travel<\/strong><br \/>Ul. Fabryczna 15 90-350 \u0141\u00f3d\u017a<br \/>tel. +48 42 6398099<br \/><a href=\"mailto:autokary@gandalftravel.com\">autokary@gandalftravel.com<\/a><br \/><br \/><strong>Wynajem autokar\u00f3w:<\/strong><br \/>S\u0142awomir Andrzej Marchewski <br \/>+48 603126316<br \/>+48 605040104<br \/>andrzej@gandalftravel.com<br \/><br \/>Siedziba firmy:<br \/>Gandalf Travel Agnieszka Ga\u0142kiewicz<br \/>ul Tuszy\u0144ska 69, 95-030 Rzg\u00f3w<br \/>NIP 9820233593<br \/><br \/><\/div>\r\n\r\n\r\n\r\n<div class=\"wp-block-column is-layout-flow wp-block-column-is-layout-flow\"><div class=\"frm_forms  with_frm_style frm_style_formidable-style\" id=\"frm_form_2_container\" >\n<form enctype=\"multipart\/form-data\" method=\"post\" class=\"frm-show-form \" id=\"form_kontakt\"  >\n<div class=\"frm_form_fields \">\n<fieldset>\n<legend class=\"frm_screen_reader\">Kontakt<\/legend>\n\n<div class=\"frm_fields_container\">\n<input type=\"hidden\" name=\"frm_action\" value=\"create\" \/>\n<input type=\"hidden\" name=\"form_id\" value=\"2\" \/>\n<input type=\"hidden\" name=\"frm_hide_fields_2\" id=\"frm_hide_fields_2\" value=\"\" \/>\n<input type=\"hidden\" name=\"form_key\" value=\"kontakt\" \/>\n<input type=\"hidden\" name=\"item_meta[0]\" value=\"\" \/>\n<input type=\"hidden\" id=\"frm_submit_entry_2\" name=\"frm_submit_entry_2\" value=\"48834e9d0c\" \/><input type=\"hidden\" name=\"_wp_http_referer\" value=\"\/index.php\/wp-json\/wp\/v2\/pages\/18\" \/><div id=\"frm_field_6_container\" class=\"frm_form_field form-field  frm_required_field frm_top_container\">\n    <label for=\"field_ssm9i\" id=\"field_ssm9i_label\" class=\"frm_primary_label\">Imi\u0119 Nazwisko\/ Nazwa firmy\n        <span class=\"frm_required\">*<\/span>\n    <\/label>\n    <input type=\"text\" id=\"field_ssm9i\" name=\"item_meta[6]\" value=\"\"  data-reqmsg=\"This field cannot be blank.\" aria-required=\"true\" data-invmsg=\"Tekst is invalid\" aria-invalid=\"false\"  \/>\n    \n    \n<\/div>\n<div id=\"frm_field_7_container\" class=\"frm_form_field form-field  frm_required_field frm_top_container\">\n    <label for=\"field_c3gbn\" id=\"field_c3gbn_label\" class=\"frm_primary_label\">Email\n        <span class=\"frm_required\">*<\/span>\n    <\/label>\n    <input type=\"email\" id=\"field_c3gbn\" name=\"item_meta[7]\" value=\"\"  data-reqmsg=\"This field cannot be blank.\" aria-required=\"true\" data-invmsg=\"Email is invalid\" aria-invalid=\"false\"  \/>\n    \n    \n<\/div>\n<div id=\"frm_field_8_container\" class=\"frm_form_field form-field  frm_required_field frm_top_container\">\n    <label for=\"field_bgksr\" id=\"field_bgksr_label\" class=\"frm_primary_label\">Telefon\n        <span class=\"frm_required\">*<\/span>\n    <\/label>\n    <input type=\"tel\" id=\"field_bgksr\" name=\"item_meta[8]\" value=\"\"  data-reqmsg=\"This field cannot be blank.\" aria-required=\"true\" data-invmsg=\"Phone is invalid\" aria-invalid=\"false\" pattern=\"((\\+\\d{1,3}(-|.| )?\\(?\\d\\)?(-| |.)?\\d{1,5})|(\\(?\\d{2,6}\\)?))(-|.| )?(\\d{3,4})(-|.| )?(\\d{4})(( x| ext)\\d{1,5}){0,1}$\"  \/>\n    \n    \n<\/div>\n<div id=\"frm_field_9_container\" class=\"frm_form_field form-field  frm_required_field frm_top_container\">\n    <label for=\"field_cwv3e\" id=\"field_cwv3e_label\" class=\"frm_primary_label\">Planowana data i trasa przejazdu\n        <span class=\"frm_required\">*<\/span>\n    <\/label>\n    <input type=\"text\" id=\"field_cwv3e\" name=\"item_meta[9]\" value=\"\"  data-reqmsg=\"This field cannot be blank.\" aria-required=\"true\" data-invmsg=\"Tekst is invalid\" aria-invalid=\"false\"  \/>\n    \n    \n<\/div>\n<div id=\"frm_field_13_container\" class=\"frm_form_field form-field  frm_top_container\">\n    <label for=\"field_pd3qa\" id=\"field_pd3qa_label\" class=\"frm_primary_label\">Liczba miejsc\n        <span class=\"frm_required\"><\/span>\n    <\/label>\n    <input type=\"number\" id=\"field_pd3qa\" name=\"item_meta[13]\" value=\"\"  data-invmsg=\"Numer is invalid\" aria-invalid=\"false\"   min=\"0\" max=\"1000\" step=\"any\"\/>\n    \n    \n<\/div>\n<input type=\"hidden\" name=\"item_key\" value=\"\" \/>\n\t<div class=\"frm_verify\" >\n\t<label for=\"frm_email_2\">\n\t\tIf you are human, leave this field blank.\t<\/label>\n\t<input type=\"email\" class=\"frm_verify\" id=\"frm_email_2\" name=\"frm_verify\" value=\"\"  \/>\n<\/div>\n\t\t<div class=\"frm_submit\">\n\n<button class=\"frm_button_submit\" type=\"submit\"  >Wy\u015blij<\/button>\n\n<\/div><\/div>\n<\/fieldset>\n<\/div>\n<\/form>\n<\/div>\n<\/div>\r\n<\/div>\r\n\r\n\r\n\r\n<p><iframe loading=\"lazy\" style=\"border: 0;\" tabindex=\"0\" src=\"https:\/\/www.google.com\/maps\/embed?pb=!1m18!1m12!1m3!1d49779.378651518455!2d19.421633702120843!3d51.76284327580422!2m3!1f0!2f0!3f0!3m2!1i1024!2i768!4f13.1!3m3!1m2!1s0x471a34cbc0d053d7%3A0xd1200cd38fd19aad!2zRmFicnljem5hIDE1LCA5MC0zNDQgxYHDs2TFug!5e0!3m2!1spl!2spl!4v1612180868252!5m2!1spl!2spl\" width=\"100%\" height=\"450\" frameborder=\"0\" allowfullscreen=\"allowfullscreen\" aria-hidden=\"false\"><\/iframe><\/p>\r\n","protected":false},"excerpt":{"rendered":"<p>Biuro handlowe: Gandalf TravelUl. Fabryczna 15 90-350 \u0141\u00f3d\u017atel. +48 42 6398099autokary@gandalftravel.com Wynajem autokar\u00f3w:S\u0142awomir Andrzej Marchewski +48 603126316+48 605040104andrzej@gandalftravel.com Siedziba firmy:Gandalf Travel Agnieszka Ga\u0142kiewiczul Tuszy\u0144ska 69, 95-030 Rzg\u00f3wNIP 9820233593<\/p>\n","protected":false},"author":1,"featured_media":0,"parent":0,"menu_order":0,"comment_status":"closed","ping_status":"closed","template":"","meta":{"ngg_post_thumbnail":0,"neve_meta_sidebar":"full-width","neve_meta_container":"","neve_meta_enable_content_width":"on","neve_meta_content_width":100,"neve_meta_title_alignment":"","neve_meta_author_avatar":"","neve_post_elements_order":"","neve_meta_disable_header":"","neve_meta_disable_footer":"","neve_meta_disable_title":"","footnotes":""},"class_list":["post-18","page","type-page","status-publish","hentry"],"_links":{"self":[{"href":"https:\/\/autokary.gandalftravel.com\/index.php\/wp-json\/wp\/v2\/pages\/18","targetHints":{"allow":["GET"]}}],"collection":[{"href":"https:\/\/autokary.gandalftravel.com\/index.php\/wp-json\/wp\/v2\/pages"}],"about":[{"href":"https:\/\/autokary.gandalftravel.com\/index.php\/wp-json\/wp\/v2\/types\/page"}],"author":[{"embeddable":true,"href":"https:\/\/autokary.gandalftravel.com\/index.php\/wp-json\/wp\/v2\/users\/1"}],"replies":[{"embeddable":true,"href":"https:\/\/autokary.gandalftravel.com\/index.php\/wp-json\/wp\/v2\/comments?post=18"}],"version-history":[{"count":10,"href":"https:\/\/autokary.gandalftravel.com\/index.php\/wp-json\/wp\/v2\/pages\/18\/revisions"}],"predecessor-version":[{"id":212,"href":"https:\/\/autokary.gandalftravel.com\/index.php\/wp-json\/wp\/v2\/pages\/18\/revisions\/212"}],"wp:attachment":[{"href":"https:\/\/autokary.gandalftravel.com\/index.php\/wp-json\/wp\/v2\/media?parent=18"}],"curies":[{"name":"wp","href":"https:\/\/api.w.org\/{rel}","templated":true}]}}